{"id":1398,"date":"2020-10-23T13:30:04","date_gmt":"2020-10-23T13:30:04","guid":{"rendered":"https:\/\/www.michael-behrens.com\/?page_id=1398"},"modified":"2026-01-12T14:39:40","modified_gmt":"2026-01-12T13:39:40","slug":"phoenix","status":"publish","type":"page","link":"https:\/\/www.michael-behrens.com\/de\/phoenix\/","title":{"rendered":"Phoenix"},"content":{"rendered":"<p>[et_pb_section fb_built=&#8221;1&#8243; _builder_version=&#8221;4.5.3&#8243; _module_preset=&#8221;default&#8221; background_color=&#8221;#242424&#8243; background_enable_image=&#8221;off&#8221; background_size=&#8221;contain&#8221; background_position=&#8221;center_left&#8221; custom_margin=&#8221;||||false|false&#8221; custom_margin_tablet=&#8221;&#8221; custom_margin_phone=&#8221;&#8221; custom_margin_last_edited=&#8221;on|phone&#8221;][et_pb_row _builder_version=&#8221;4.5.3&#8243; _module_preset=&#8221;default&#8221; background_color=&#8221;rgba(0,0,0,0)&#8221; background_enable_image=&#8221;off&#8221; parallax=&#8221;on&#8221; width_tablet=&#8221;60%&#8221; width_phone=&#8221;80%&#8221; width_last_edited=&#8221;on|phone&#8221; custom_padding=&#8221;80px||||false|false&#8221; width__hover_enabled=&#8221;on|desktop&#8221;][et_pb_column type=&#8221;4_4&#8243; _builder_version=&#8221;4.5.3&#8243; _module_preset=&#8221;default&#8221;][et_pb_text quote_border_weight=&#8221;2px&#8221; quote_border_color=&#8221;#e02b20&#8243; content_tablet=&#8221;<\/p>\n<blockquote>\n<p>Phoenix<\/p>\n<\/blockquote>\n<p>&#8221; content_phone=&#8221;<\/p>\n<blockquote>\n<p>Phoenix<\/p>\n<\/blockquote>\n<p>&#8221; content_last_edited=&#8221;on|phone&#8221; _builder_version=&#8221;4.5.3&#8243; _module_preset=&#8221;default&#8221; text_font=&#8221;Georgia||||||||&#8221; text_text_color=&#8221;#242424&#8243; text_font_size=&#8221;40px&#8221; text_line_height=&#8221;1.8em&#8221; quote_font=&#8221;Georgia|||||on|||&#8221; quote_text_color=&#8221;#d6d6d6&#8243; quote_font_size=&#8221;38px&#8221; header_font=&#8221;Georgia|||||on|||&#8221; header_text_align=&#8221;center&#8221; header_text_color=&#8221;#e02b20&#8243; header_font_size=&#8221;24px&#8221; background_layout=&#8221;dark&#8221; width=&#8221;80%&#8221; width_tablet=&#8221;80%&#8221; width_phone=&#8221;100%&#8221; width_last_edited=&#8221;on|phone&#8221; max_width=&#8221;100%&#8221; module_alignment=&#8221;center&#8221; custom_margin_tablet=&#8221;&#8221; custom_margin_phone=&#8221;&#8221; custom_margin_last_edited=&#8221;on|phone&#8221; custom_padding=&#8221;0px|0px|0px|0px|false|false&#8221; custom_padding_tablet=&#8221;&#8221; custom_padding_phone=&#8221;&#8221; custom_padding_last_edited=&#8221;on|phone&#8221; text_font_size_tablet=&#8221;&#8221; text_font_size_phone=&#8221;28px&#8221; text_font_size_last_edited=&#8221;on|desktop&#8221; content__hover_enabled=&#8221;on|desktop&#8221; text_font_size__hover_enabled=&#8221;on|desktop&#8221;]<\/p>\n<blockquote>\n<p style=\"text-align: left;\">Phoenix<\/p>\n<\/blockquote>\n<p>[\/et_pb_text][et_pb_text quote_border_weight=&#8221;2px&#8221; quote_border_color=&#8221;#e02b20&#8243; content_tablet=&#8221;<\/p>\n<p>Setzte sich Behrens\u00b4 bildhauerisches Fr\u00fchwerk vor allem mit der inneren Struktur der Skulpturen auseinander, geht der K\u00fcnstler mit Phoenix noch einen Schritt weiter. Er widmet sich g\u00e4nzlich der abstrahierten Form des Objektes, wobei die Plastizit\u00e4t in den Vordergrund tritt. Durch den bewussten Verzicht auf Farbe im klassischen Sinne und das Zusammenspiel von konvexen und konkaven Fl\u00e4chen in Schwarz und Gold schafft Behrens kontraststarke Werke. Die Kombination von Schwarz und Gold folgt einem \u00e4sthetischen Prinzip: Schwarz geh\u00f6rt zu den wenigen unbunten Farben, die bei matter Oberfl\u00e4che auch unter Anstrahlung kaum Licht zur\u00fcckwerfen. Auf den gl\u00e4nzenden Objektoberfl\u00e4chen aber erzeugen helle Lichtreflexionen eine faszinierende Tiefe. Schwarz wird damit zu einer Sinnesempfindung, die das Nichts beschreibt, oder das \u201enichts mehr\u201c. Es steht zugleich f\u00fcr Dunkelheit, Trauer, Tod und damit im Gegensatz zu Gold, dem sonnengleichen Metall der G\u00f6tter und K\u00f6nige.<\/p>\n<p>&#8221; content_phone=&#8221;<\/p>\n<p>Setzte sich Behrens\u00b4 bildhauerisches Fr\u00fchwerk vor allem mit der inneren Struktur der Skulpturen auseinander, geht der K\u00fcnstler mit Phoenix noch einen Schritt weiter. Er widmet sich g\u00e4nzlich der abstrahierten Form des Objektes, wobei die Plastizit\u00e4t in den Vordergrund tritt. Durch den bewussten Verzicht auf Farbe im klassischen Sinne und das Zusammenspiel von konvexen und konkaven Fl\u00e4chen in Schwarz und Gold schafft Behrens kontraststarke Werke. Die Kombination von Schwarz und Gold folgt einem \u00e4sthetischen Prinzip: Schwarz geh\u00f6rt zu den wenigen unbunten Farben, die bei matter Oberfl\u00e4che auch unter Anstrahlung kaum Licht zur\u00fcckwerfen. Auf den gl\u00e4nzenden Objektoberfl\u00e4chen aber erzeugen helle Lichtreflexionen eine faszinierende Tiefe. Schwarz wird damit zu einer Sinnesempfindung, die das Nichts beschreibt, oder das \u201enichts mehr\u201c. Es steht zugleich f\u00fcr Dunkelheit, Trauer, Tod und damit im Gegensatz zu Gold, dem sonnengleichen Metall der G\u00f6tter und K\u00f6nige.<\/p>\n<p>&#8221; content_last_edited=&#8221;on|phone&#8221; _builder_version=&#8221;4.5.3&#8243; _module_preset=&#8221;default&#8221; text_font=&#8221;Georgia||||||||&#8221; text_text_color=&#8221;#d6d6d6&#8243; text_font_size=&#8221;20px&#8221; text_line_height=&#8221;1.8em&#8221; quote_font=&#8221;Georgia|||||on|||&#8221; quote_text_color=&#8221;#242424&#8243; background_layout=&#8221;dark&#8221; width=&#8221;80%&#8221; width_tablet=&#8221;100%&#8221; width_phone=&#8221;100%&#8221; width_last_edited=&#8221;on|tablet&#8221; module_alignment=&#8221;center&#8221; custom_margin_tablet=&#8221;&#8221; custom_margin_phone=&#8221;&#8221; custom_margin_last_edited=&#8221;on|tablet&#8221; custom_padding=&#8221;0px|0px|0px|0px|false|false&#8221; text_font_size_tablet=&#8221;&#8221; text_font_size_phone=&#8221;16px&#8221; text_font_size_last_edited=&#8221;on|tablet&#8221; content__hover_enabled=&#8221;on|desktop&#8221;]<\/p>\n<p>Setzte sich Behrens\u00b4 bildhauerisches Fr\u00fchwerk vor allem mit der inneren Struktur der Skulpturen auseinander, geht der K\u00fcnstler mit Phoenix noch einen Schritt weiter. Er widmet sich g\u00e4nzlich der abstrahierten Form des Objektes, wobei die Plastizit\u00e4t in den Vordergrund tritt. Durch den bewussten Verzicht auf Farbe im klassischen Sinne und das Zusammenspiel von konvexen und konkaven Fl\u00e4chen in Schwarz und Gold schafft Behrens kontraststarke Werke. Die Kombination von Schwarz und Gold folgt einem \u00e4sthetischen Prinzip: Schwarz geh\u00f6rt zu den wenigen unbunten Farben, die bei matter Oberfl\u00e4che auch unter Anstrahlung kaum Licht zur\u00fcckwerfen. Auf den gl\u00e4nzenden Objektoberfl\u00e4chen aber erzeugen helle Lichtreflexionen eine faszinierende Tiefe. Schwarz wird damit zu einer Sinnesempfindung, die das Nichts beschreibt, oder das \u201enichts mehr\u201c. Es steht zugleich f\u00fcr Dunkelheit, Trauer, Tod und damit im Gegensatz zu Gold, dem sonnengleichen Metall der G\u00f6tter und K\u00f6nige.<\/p>\n<p>[\/et_pb_text][\/et_pb_column][\/et_pb_row][et_pb_row _builder_version=&#8221;4.5.3&#8243; _module_preset=&#8221;default&#8221;][et_pb_column type=&#8221;4_4&#8243; _builder_version=&#8221;4.5.3&#8243; _module_preset=&#8221;default&#8221;][dmg_masonry_gallery gallery=&#8221;1972,1660,1976,1956,1958,1949&#8243; gutter=&#8221;65&#8243; modal_background_color=&#8221;#242424&#8243; modal_title=&#8221;title_caption&#8221; hover_overlay_effect=&#8221;overlay_image_data&#8221; hover_overlay_color=&#8221;rgba(255,255,255,0.5)&#8221; overlay_title_size=&#8221;14px&#8221; overlay_title_color=&#8221;#000000&#8243; overlay_caption_size=&#8221;14px&#8221; overlay_caption_color=&#8221;rgba(0,0,0,0)&#8221; columns_tablet=&#8221;3&#8243; columns_phone=&#8221;1&#8243; columns_last_edited=&#8221;on|phone&#8221; gutter_tablet=&#8221;40&#8243; gutter_phone=&#8221;40&#8243; gutter_last_edited=&#8221;on|phone&#8221; overlay_title_size_tablet=&#8221;&#8221; overlay_title_size_phone=&#8221;12px&#8221; overlay_title_size_last_edited=&#8221;on|phone&#8221; _builder_version=&#8221;4.5.3&#8243; _module_preset=&#8221;default&#8221; title_font=&#8221;Verdana||||||||&#8221; title_text_align=&#8221;center&#8221; animation_style=&#8221;fade&#8221;][\/dmg_masonry_gallery][\/et_pb_column][\/et_pb_row][\/et_pb_section]<\/p>","protected":false},"excerpt":{"rendered":"<p>[et_pb_section fb_built=&#8221;1&#8243; _builder_version=&#8221;4.5.3&#8243; _module_preset=&#8221;default&#8221; background_color=&#8221;#242424&#8243; background_enable_image=&#8221;off&#8221; background_size=&#8221;contain&#8221; background_position=&#8221;center_left&#8221; custom_margin=&#8221;||||false|false&#8221; custom_margin_tablet=&#8221;&#8221; custom_margin_phone=&#8221;&#8221; custom_margin_last_edited=&#8221;on|phone&#8221;][et_pb_row _builder_version=&#8221;4.5.3&#8243; _module_preset=&#8221;default&#8221; background_color=&#8221;rgba(0,0,0,0)&#8221; background_enable_image=&#8221;off&#8221; parallax=&#8221;on&#8221; width_tablet=&#8221;60%&#8221; width_phone=&#8221;80%&#8221; width_last_edited=&#8221;on|phone&#8221; custom_padding=&#8221;80px||||false|false&#8221; width__hover_enabled=&#8221;on|desktop&#8221;][et_pb_column type=&#8221;4_4&#8243; _builder_version=&#8221;4.5.3&#8243; _module_preset=&#8221;default&#8221;][et_pb_text quote_border_weight=&#8221;2px&#8221; quote_border_color=&#8221;#e02b20&#8243; content_tablet=&#8221; Phoenix &#8221; content_phone=&#8221; Phoenix &#8221; content_last_edited=&#8221;on|phone&#8221; _builder_version=&#8221;4.5.3&#8243; _module_preset=&#8221;default&#8221; text_font=&#8221;Georgia||||||||&#8221; text_text_color=&#8221;#242424&#8243; text_font_size=&#8221;40px&#8221; text_line_height=&#8221;1.8em&#8221; quote_font=&#8221;Georgia|||||on|||&#8221; quote_text_color=&#8221;#d6d6d6&#8243; quote_font_size=&#8221;38px&#8221; header_font=&#8221;Georgia|||||on|||&#8221; header_text_align=&#8221;center&#8221; header_text_color=&#8221;#e02b20&#8243; header_font_size=&#8221;24px&#8221; background_layout=&#8221;dark&#8221; width=&#8221;80%&#8221; width_tablet=&#8221;80%&#8221; width_phone=&#8221;100%&#8221; width_last_edited=&#8221;on|phone&#8221; max_width=&#8221;100%&#8221; module_alignment=&#8221;center&#8221; custom_margin_tablet=&#8221;&#8221; [&hellip;]<\/p>","protected":false},"author":1,"featured_media":0,"parent":0,"menu_order":0,"comment_status":"closed","ping_status":"closed","template":"","meta":{"_et_pb_use_builder":"on","_et_pb_old_content":"","_et_gb_content_width":"","footnotes":""},"class_list":["post-1398","page","type-page","status-publish","hentry"],"_links":{"self":[{"href":"https:\/\/www.michael-behrens.com\/de\/wp-json\/wp\/v2\/pages\/1398","targetHints":{"allow":["GET"]}}],"collection":[{"href":"https:\/\/www.michael-behrens.com\/de\/wp-json\/wp\/v2\/pages"}],"about":[{"href":"https:\/\/www.michael-behrens.com\/de\/wp-json\/wp\/v2\/types\/page"}],"author":[{"embeddable":true,"href":"https:\/\/www.michael-behrens.com\/de\/wp-json\/wp\/v2\/users\/1"}],"replies":[{"embeddable":true,"href":"https:\/\/www.michael-behrens.com\/de\/wp-json\/wp\/v2\/comments?post=1398"}],"version-history":[{"count":93,"href":"https:\/\/www.michael-behrens.com\/de\/wp-json\/wp\/v2\/pages\/1398\/revisions"}],"predecessor-version":[{"id":6453,"href":"https:\/\/www.michael-behrens.com\/de\/wp-json\/wp\/v2\/pages\/1398\/revisions\/6453"}],"wp:attachment":[{"href":"https:\/\/www.michael-behrens.com\/de\/wp-json\/wp\/v2\/media?parent=1398"}],"curies":[{"name":"wp","href":"https:\/\/api.w.org\/{rel}","templated":true}]}}