{"id":1700,"date":"2020-10-25T14:59:02","date_gmt":"2020-10-25T14:59:02","guid":{"rendered":"https:\/\/www.michael-behrens.com\/?page_id=1700"},"modified":"2026-01-12T14:38:45","modified_gmt":"2026-01-12T13:38:45","slug":"seaforms","status":"publish","type":"page","link":"https:\/\/www.michael-behrens.com\/de\/seaforms\/","title":{"rendered":"Seaforms"},"content":{"rendered":"<p>[et_pb_section fb_built=&#8221;1&#8243; _builder_version=&#8221;4.5.3&#8243; _module_preset=&#8221;default&#8221; background_color=&#8221;#242424&#8243; background_enable_image=&#8221;off&#8221; background_size=&#8221;initial&#8221; background_position=&#8221;top_left&#8221;][et_pb_row _builder_version=&#8221;4.5.3&#8243; _module_preset=&#8221;default&#8221; background_color=&#8221;rgba(0,0,0,0)&#8221; width_tablet=&#8221;60%&#8221; width_phone=&#8221;80%&#8221; width_last_edited=&#8221;off|desktop&#8221; min_height=&#8221;308.5px&#8221; custom_padding=&#8221;80px||||false|false&#8221; width__hover_enabled=&#8221;on|desktop&#8221;][et_pb_column type=&#8221;4_4&#8243; _builder_version=&#8221;4.5.3&#8243; _module_preset=&#8221;default&#8221;][et_pb_text quote_border_weight=&#8221;2px&#8221; quote_border_color=&#8221;#e02b20&#8243; content_tablet=&#8221;<\/p>\n<blockquote>\n<p>Exhibitions<\/p>\n<\/blockquote>\n<p>&#8221; content_phone=&#8221;<\/p>\n<blockquote>\n<p>Exhibitions<\/p>\n<\/blockquote>\n<p>&#8221; content_last_edited=&#8221;off|desktop&#8221; _builder_version=&#8221;4.5.3&#8243; _module_preset=&#8221;default&#8221; text_font=&#8221;Georgia||||||||&#8221; text_text_color=&#8221;#242424&#8243; text_font_size=&#8221;40px&#8221; text_line_height=&#8221;1.8em&#8221; quote_font=&#8221;Georgia|||||on|||&#8221; quote_text_color=&#8221;#d6d6d6&#8243; quote_font_size=&#8221;38px&#8221; header_font=&#8221;Georgia|||||on|||&#8221; header_text_align=&#8221;center&#8221; header_text_color=&#8221;#e02b20&#8243; header_font_size=&#8221;24px&#8221; text_orientation=&#8221;center&#8221; background_layout=&#8221;dark&#8221; width=&#8221;80%&#8221; width_tablet=&#8221;100%&#8221; width_phone=&#8221;100%&#8221; width_last_edited=&#8221;on|phone&#8221; max_width=&#8221;100%&#8221; module_alignment=&#8221;center&#8221; custom_margin_tablet=&#8221;&#8221; custom_margin_phone=&#8221;&#8221; custom_margin_last_edited=&#8221;on|tablet&#8221; custom_padding=&#8221;0px|0px|0px|0px|false|false&#8221; custom_padding_tablet=&#8221;&#8221; custom_padding_phone=&#8221;&#8221; custom_padding_last_edited=&#8221;on|phone&#8221; text_font_size_tablet=&#8221;&#8221; text_font_size_phone=&#8221;28px&#8221; text_font_size_last_edited=&#8221;on|desktop&#8221; width__hover_enabled=&#8221;off|desktop&#8221; content__hover_enabled=&#8221;on|hover&#8221; text_font_size__hover_enabled=&#8221;on|desktop&#8221;]<\/p>\n<blockquote>\n<p style=\"text-align: left;\">Seaforms<\/p>\n<\/blockquote>\n<p>[\/et_pb_text][et_pb_text quote_border_weight=&#8221;2px&#8221; quote_border_color=&#8221;#e02b20&#8243; content_tablet=&#8221;<\/p>\n<p>To explore available unique artwork contact Studio Behrens or a representative gallery<\/p>\n<\/p>\n<p>&#8221; content_phone=&#8221;<\/p>\n<p>To explore available unique artwork contact Studio Behrens or a representative gallery<\/p>\n<p>&#8221; content_last_edited=&#8221;off|desktop&#8221; _builder_version=&#8221;4.5.3&#8243; _module_preset=&#8221;default&#8221; text_font=&#8221;Georgia||||||||&#8221; text_text_color=&#8221;#d6d6d6&#8243; text_font_size=&#8221;20px&#8221; text_line_height=&#8221;1.8em&#8221; quote_font=&#8221;Georgia|||||on|||&#8221; quote_text_color=&#8221;#242424&#8243; background_layout=&#8221;dark&#8221; width=&#8221;80%&#8221; width_tablet=&#8221;100%&#8221; width_phone=&#8221;100%&#8221; width_last_edited=&#8221;on|phone&#8221; module_alignment=&#8221;center&#8221; custom_margin_tablet=&#8221;&#8221; custom_margin_phone=&#8221;&#8221; custom_margin_last_edited=&#8221;on|tablet&#8221; custom_padding=&#8221;0px|0px|0px|0px|false|false&#8221; text_font_size_tablet=&#8221;&#8221; text_font_size_phone=&#8221;16px&#8221; text_font_size_last_edited=&#8221;on|phone&#8221; content__hover_enabled=&#8221;on|hover&#8221;]<\/p>\n<p style=\"text-align: justify;\" class=\"translation-block\">In der Seaforms-Serie verk\u00f6rpert der K\u00fcnstler seine \u00fcber Jahrzehnte gesammelten Sinneserfahrungen und Erlebnisse im Wasser. \u201cIch hatte schon immer Freude an der Natur, dem Meer \u2013 so fing ich an die Seaforms-Serie zu entwerfen\u201c, sagt Behrens, \u201eWir entstehen aus der Natur und wir enden in ihr. Diesen Kreislauf mache ich mir immer wieder bewusst.\u201c Die daraus entstandenen Arbeiten wirken wie Erzeugnisse der Natur, wild gewachsen und mittendrin erstarrt. Das Nat\u00fcrliche wird einerseits durch die \u00e4u\u00dfere Gestalt und andererseits durch die f\u00fcr Behrens\u2018 Werk charakteristischen Detailelemente bestimmt: die feine Modellierung von Teilfl\u00e4chen und Kanten, das Wechselspiel von matten und polierten Oberfl\u00e4chen und die zellartigen Strukturen.<\/p>\n<p>[\/et_pb_text][\/et_pb_column][\/et_pb_row][et_pb_row _builder_version=&#8221;4.5.3&#8243; _module_preset=&#8221;default&#8221; background_color=&#8221;rgba(0,0,0,0)&#8221;][et_pb_column type=&#8221;4_4&#8243; _builder_version=&#8221;4.5.3&#8243; _module_preset=&#8221;default&#8221;][dmg_masonry_gallery gallery=&#8221;2406,2400,2401,2399,2398,2397,2119,2396,2395,2394,2386,2393,2392,2391,2390,2387,2373,2389,2388,2385,2384,2383,2375,2374,2372,2371,2370,1666,1665,1663,1662,1661,1659,1656,1658,2376,1655,1979,1975&#8243; gutter=&#8221;65&#8243; modal_background_color=&#8221;#242424&#8243; modal_title=&#8221;title_caption&#8221; hover_overlay_effect=&#8221;overlay_image_data&#8221; hover_overlay_color=&#8221;rgba(255,255,255,0.5)&#8221; overlay_title_size=&#8221;14px&#8221; overlay_title_color=&#8221;#000000&#8243; overlay_caption_size=&#8221;0px&#8221; overlay_caption_color=&#8221;rgba(0,0,0,0)&#8221; columns_tablet=&#8221;&#8221; columns_phone=&#8221;2&#8243; columns_last_edited=&#8221;on|phone&#8221; gutter_tablet=&#8221;25&#8243; gutter_phone=&#8221;20&#8243; gutter_last_edited=&#8221;on|desktop&#8221; disabled_on=&#8221;off|off|off&#8221; admin_label=&#8221;seaforms gallery&#8221; _builder_version=&#8221;4.5.3&#8243; _module_preset=&#8221;cdc9f00b-5bf7-4f5f-887f-719cf185d751&#8243; title_font=&#8221;Verdana||||||||&#8221; title_text_align=&#8221;center&#8221; background_color=&#8221;rgba(0,0,0,0)&#8221; animation_style=&#8221;fade&#8221; overflow-x_last_edited=&#8221;off|phone&#8221;][\/dmg_masonry_gallery][\/et_pb_column][\/et_pb_row][\/et_pb_section]<\/p>","protected":false},"excerpt":{"rendered":"<p>[et_pb_section fb_built=&#8221;1&#8243; _builder_version=&#8221;4.5.3&#8243; _module_preset=&#8221;default&#8221; background_color=&#8221;#242424&#8243; background_enable_image=&#8221;off&#8221; background_size=&#8221;initial&#8221; background_position=&#8221;top_left&#8221;][et_pb_row _builder_version=&#8221;4.5.3&#8243; _module_preset=&#8221;default&#8221; background_color=&#8221;rgba(0,0,0,0)&#8221; width_tablet=&#8221;60%&#8221; width_phone=&#8221;80%&#8221; width_last_edited=&#8221;off|desktop&#8221; min_height=&#8221;308.5px&#8221; custom_padding=&#8221;80px||||false|false&#8221; width__hover_enabled=&#8221;on|desktop&#8221;][et_pb_column type=&#8221;4_4&#8243; _builder_version=&#8221;4.5.3&#8243; _module_preset=&#8221;default&#8221;][et_pb_text quote_border_weight=&#8221;2px&#8221; quote_border_color=&#8221;#e02b20&#8243; content_tablet=&#8221; Exhibitions &#8221; content_phone=&#8221; Exhibitions &#8221; content_last_edited=&#8221;off|desktop&#8221; _builder_version=&#8221;4.5.3&#8243; _module_preset=&#8221;default&#8221; text_font=&#8221;Georgia||||||||&#8221; text_text_color=&#8221;#242424&#8243; text_font_size=&#8221;40px&#8221; text_line_height=&#8221;1.8em&#8221; quote_font=&#8221;Georgia|||||on|||&#8221; quote_text_color=&#8221;#d6d6d6&#8243; quote_font_size=&#8221;38px&#8221; header_font=&#8221;Georgia|||||on|||&#8221; header_text_align=&#8221;center&#8221; header_text_color=&#8221;#e02b20&#8243; header_font_size=&#8221;24px&#8221; text_orientation=&#8221;center&#8221; background_layout=&#8221;dark&#8221; width=&#8221;80%&#8221; width_tablet=&#8221;100%&#8221; width_phone=&#8221;100%&#8221; width_last_edited=&#8221;on|phone&#8221; max_width=&#8221;100%&#8221; module_alignment=&#8221;center&#8221; custom_margin_tablet=&#8221;&#8221; custom_margin_phone=&#8221;&#8221; custom_margin_last_edited=&#8221;on|tablet&#8221; custom_padding=&#8221;0px|0px|0px|0px|false|false&#8221; custom_padding_tablet=&#8221;&#8221; [&hellip;]<\/p>","protected":false},"author":1,"featured_media":0,"parent":0,"menu_order":0,"comment_status":"closed","ping_status":"closed","template":"","meta":{"_et_pb_use_builder":"on","_et_pb_old_content":"","_et_gb_content_width":"","footnotes":""},"class_list":["post-1700","page","type-page","status-publish","hentry"],"_links":{"self":[{"href":"https:\/\/www.michael-behrens.com\/de\/wp-json\/wp\/v2\/pages\/1700","targetHints":{"allow":["GET"]}}],"collection":[{"href":"https:\/\/www.michael-behrens.com\/de\/wp-json\/wp\/v2\/pages"}],"about":[{"href":"https:\/\/www.michael-behrens.com\/de\/wp-json\/wp\/v2\/types\/page"}],"author":[{"embeddable":true,"href":"https:\/\/www.michael-behrens.com\/de\/wp-json\/wp\/v2\/users\/1"}],"replies":[{"embeddable":true,"href":"https:\/\/www.michael-behrens.com\/de\/wp-json\/wp\/v2\/comments?post=1700"}],"version-history":[{"count":111,"href":"https:\/\/www.michael-behrens.com\/de\/wp-json\/wp\/v2\/pages\/1700\/revisions"}],"predecessor-version":[{"id":6451,"href":"https:\/\/www.michael-behrens.com\/de\/wp-json\/wp\/v2\/pages\/1700\/revisions\/6451"}],"wp:attachment":[{"href":"https:\/\/www.michael-behrens.com\/de\/wp-json\/wp\/v2\/media?parent=1700"}],"curies":[{"name":"wp","href":"https:\/\/api.w.org\/{rel}","templated":true}]}}