{"id":6215,"date":"2023-07-26T17:38:44","date_gmt":"2023-07-26T15:38:44","guid":{"rendered":"https:\/\/www.michael-behrens.com\/?page_id=6215"},"modified":"2023-07-28T12:20:07","modified_gmt":"2023-07-28T10:20:07","slug":"evolution-2","status":"publish","type":"page","link":"https:\/\/www.michael-behrens.com\/de\/evolution-2\/","title":{"rendered":"Evolution"},"content":{"rendered":"<p>[et_pb_section fb_built=&#8221;1&#8243; _builder_version=&#8221;4.5.3&#8243; _module_preset=&#8221;default&#8221; background_color=&#8221;#242424&#8243; background_enable_image=&#8221;off&#8221; background_size=&#8221;contain&#8221; background_position=&#8221;center_left&#8221; custom_margin=&#8221;||||false|false&#8221; custom_margin_tablet=&#8221;&#8221; custom_margin_phone=&#8221;&#8221; custom_margin_last_edited=&#8221;on|phone&#8221;][et_pb_row _builder_version=&#8221;4.5.3&#8243; _module_preset=&#8221;default&#8221; background_color=&#8221;rgba(0,0,0,0)&#8221; background_enable_image=&#8221;off&#8221; parallax=&#8221;on&#8221; width_tablet=&#8221;60%&#8221; width_phone=&#8221;80%&#8221; width_last_edited=&#8221;on|phone&#8221; custom_padding=&#8221;80px||||false|false&#8221; width__hover_enabled=&#8221;on|desktop&#8221;][et_pb_column type=&#8221;4_4&#8243; _builder_version=&#8221;4.5.3&#8243; _module_preset=&#8221;default&#8221;][et_pb_text quote_border_weight=&#8221;2px&#8221; quote_border_color=&#8221;#e02b20&#8243; content_tablet=&#8221;<\/p>\n<blockquote>\n<p>Evolution<\/p>\n<\/blockquote>\n<p>&#8221; content_phone=&#8221;<\/p>\n<blockquote>\n<p>Evolution<\/p>\n<\/blockquote>\n<p>&#8221; content_last_edited=&#8221;on|phone&#8221; _builder_version=&#8221;4.5.3&#8243; _module_preset=&#8221;default&#8221; text_font=&#8221;Georgia||||||||&#8221; text_text_color=&#8221;#242424&#8243; text_font_size=&#8221;40px&#8221; text_line_height=&#8221;1.8em&#8221; quote_font=&#8221;Georgia|||||on|||&#8221; quote_text_color=&#8221;#d6d6d6&#8243; quote_font_size=&#8221;38px&#8221; header_font=&#8221;Georgia|||||on|||&#8221; header_text_align=&#8221;center&#8221; header_text_color=&#8221;#e02b20&#8243; header_font_size=&#8221;24px&#8221; background_layout=&#8221;dark&#8221; width=&#8221;80%&#8221; width_tablet=&#8221;80%&#8221; width_phone=&#8221;100%&#8221; width_last_edited=&#8221;on|phone&#8221; max_width=&#8221;100%&#8221; module_alignment=&#8221;center&#8221; custom_margin_tablet=&#8221;&#8221; custom_margin_phone=&#8221;&#8221; custom_margin_last_edited=&#8221;on|phone&#8221; custom_padding=&#8221;0px|0px|0px|0px|false|false&#8221; custom_padding_tablet=&#8221;&#8221; custom_padding_phone=&#8221;&#8221; custom_padding_last_edited=&#8221;on|phone&#8221; text_font_size_tablet=&#8221;&#8221; text_font_size_phone=&#8221;28px&#8221; text_font_size_last_edited=&#8221;on|desktop&#8221; content__hover_enabled=&#8221;on|desktop&#8221; text_font_size__hover_enabled=&#8221;on|desktop&#8221;]<\/p>\n<blockquote>\n<p style=\"text-align: left;\">Evolution<\/p>\n<\/blockquote>\n<p>[\/et_pb_text][et_pb_text quote_border_weight=&#8221;2px&#8221; quote_border_color=&#8221;#e02b20&#8243; content_tablet=&#8221;<\/p>\n<p>Mit der<i> Evolution <\/i>series, Behrens conceptually and sculpturally deals with the creative power of nature, formulating questions about its limitations and finitude. %22We emerge from nature and we end up in it. I make myself aware of this cycle,%22 Behrens says. He seems to be taking his previous formal language down a new path, a consequence of years of sculptural activity. The outer forms are based on stylized rings whose cross-sections themselves take on different geometries and whose surfaces are partially broken up by ground-in structures and expressive reliefs. Emphasizing the outer and inner forms in this way, dynamics and balance are united in the sculpture, creating an interplay marked by tension between symbolized infinity and explosive rebellion.<\/p>\n<p>&#8221; content_phone=&#8221;<\/p>\n<p>Mit der<i> Evolution <\/i>series, Behrens conceptually and sculpturally deals with the creative power of nature, formulating questions about its limitations and finitude. %22We emerge from nature and we end up in it. I make myself aware of this cycle,%22 Behrens says. He seems to be taking his previous formal language down a new path, a consequence of years of sculptural activity. The outer forms are based on stylized rings whose cross-sections themselves take on different geometries and whose surfaces are partially broken up by ground-in structures and expressive reliefs. Emphasizing the outer and inner forms in this way, dynamics and balance are united in the sculpture, creating an interplay marked by tension between symbolized infinity and explosive rebellion.<\/p>\n<p>&#8221; content_last_edited=&#8221;on|desktop&#8221; _builder_version=&#8221;4.5.3&#8243; _module_preset=&#8221;default&#8221; text_font=&#8221;Georgia||||||||&#8221; text_text_color=&#8221;#d6d6d6&#8243; text_font_size=&#8221;20px&#8221; text_line_height=&#8221;1.8em&#8221; quote_font=&#8221;Georgia|||||on|||&#8221; quote_text_color=&#8221;#242424&#8243; background_layout=&#8221;dark&#8221; width=&#8221;80%&#8221; width_tablet=&#8221;100%&#8221; width_phone=&#8221;100%&#8221; width_last_edited=&#8221;on|tablet&#8221; module_alignment=&#8221;center&#8221; custom_margin_tablet=&#8221;&#8221; custom_margin_phone=&#8221;&#8221; custom_margin_last_edited=&#8221;on|tablet&#8221; custom_padding=&#8221;0px|0px|0px|0px|false|false&#8221; text_font_size_tablet=&#8221;&#8221; text_font_size_phone=&#8221;16px&#8221; text_font_size_last_edited=&#8221;on|tablet&#8221; content__hover_enabled=&#8221;on|desktop&#8221;]<\/p>\n<p class=\"translation-block\">Mit der Evolution-Serie stellt sich Behrens konzeptuell sowie bildhauerisch der Auseinandersetzung mit der gestalterischen Kraft der Natur und formuliert Fragen nach ihrer Begrenztheit und Endlichkeit.\n\u201eWir entstehen aus der Natur und wir enden in ihr. Diesen Kreislauf mache ich mir bewusst\u201c, sagt Behrens. Er scheint seine bisherige Formsprache auf einen neuen Weg zu bringen \u2013 eine Konsequenz jahrelanger bildhauerischer T\u00e4tigkeit. Die \u00e4u\u00dferen Formen basieren auf stilisierten Ringen, deren Querschnitte selbst verschiedene Geometrien annehmen und deren Oberfl\u00e4chen durch eingeschliffene Strukturen sowie ausdrucksstarke Reliefs partiell aufgebrochen werden. Die \u00e4u\u00dfere und innere Form auf diese Weise betonend, werden Dynamik und Balance in der Skulptur vereint. Es entsteht so ein von Spannung gepr\u00e4gtes Wechselspiel zwischen der symbolisierten Unendlichkeit und dem explosiven Aufbegehren.<\/p>\n<p>[\/et_pb_text][et_pb_button button_url=&#8221;https:\/\/www.michael-behrens.com\/inquire-2\/&#8221; url_new_window=&#8221;on&#8221; button_text=&#8221;Artwork Inquiries&#8221; button_alignment=&#8221;left&#8221; _builder_version=&#8221;4.5.3&#8243; _module_preset=&#8221;default&#8221; custom_button=&#8221;on&#8221; button_text_size=&#8221;12px&#8221; button_text_color=&#8221;#e02b20&#8243; button_bg_color=&#8221;rgba(0,0,0,0)&#8221; button_border_width=&#8221;1px&#8221; button_border_color=&#8221;#e02b20&#8243; button_border_radius=&#8221;0px&#8221; button_font=&#8221;Verdana||||||||&#8221; button_icon=&#8221;%%20%%&#8221; button_icon_color=&#8221;#e02b20&#8243; custom_margin=&#8221;|||128px|false|false&#8221; custom_margin_tablet=&#8221;|||60px|false|false&#8221; custom_margin_phone=&#8221;|||40px|false|false&#8221; custom_margin_last_edited=&#8221;on|tablet&#8221;][\/et_pb_button][\/et_pb_column][\/et_pb_row][et_pb_row _builder_version=&#8221;4.5.3&#8243; _module_preset=&#8221;default&#8221;][et_pb_column type=&#8221;4_4&#8243; _builder_version=&#8221;4.5.3&#8243; _module_preset=&#8221;default&#8221;][dmg_masonry_gallery gutter=&#8221;65&#8243; modal_background_color=&#8221;#242424&#8243; modal_title=&#8221;title_caption&#8221; hover_overlay_effect=&#8221;overlay_image_data&#8221; hover_overlay_color=&#8221;rgba(255,255,255,0.5)&#8221; overlay_title_size=&#8221;14px&#8221; overlay_title_color=&#8221;#000000&#8243; overlay_caption_size=&#8221;14px&#8221; overlay_caption_color=&#8221;rgba(0,0,0,0)&#8221; columns_tablet=&#8221;3&#8243; columns_phone=&#8221;1&#8243; columns_last_edited=&#8221;on|phone&#8221; gutter_tablet=&#8221;40&#8243; gutter_phone=&#8221;40&#8243; gutter_last_edited=&#8221;on|phone&#8221; overlay_title_size_tablet=&#8221;&#8221; overlay_title_size_phone=&#8221;12px&#8221; overlay_title_size_last_edited=&#8221;on|phone&#8221; _builder_version=&#8221;4.5.3&#8243; _module_preset=&#8221;default&#8221; title_font=&#8221;Verdana||||||||&#8221; title_text_align=&#8221;center&#8221; animation_style=&#8221;fade&#8221; gallery=&#8221;6161,6162,6163&#8243; hover_enabled=&#8221;0&#8243;][\/dmg_masonry_gallery][\/et_pb_column][\/et_pb_row][\/et_pb_section]<\/p>","protected":false},"excerpt":{"rendered":"<p>[et_pb_section fb_built=&#8221;1&#8243; _builder_version=&#8221;4.5.3&#8243; _module_preset=&#8221;default&#8221; background_color=&#8221;#242424&#8243; background_enable_image=&#8221;off&#8221; background_size=&#8221;contain&#8221; background_position=&#8221;center_left&#8221; custom_margin=&#8221;||||false|false&#8221; custom_margin_tablet=&#8221;&#8221; custom_margin_phone=&#8221;&#8221; custom_margin_last_edited=&#8221;on|phone&#8221;][et_pb_row _builder_version=&#8221;4.5.3&#8243; _module_preset=&#8221;default&#8221; background_color=&#8221;rgba(0,0,0,0)&#8221; background_enable_image=&#8221;off&#8221; parallax=&#8221;on&#8221; width_tablet=&#8221;60%&#8221; width_phone=&#8221;80%&#8221; width_last_edited=&#8221;on|phone&#8221; custom_padding=&#8221;80px||||false|false&#8221; width__hover_enabled=&#8221;on|desktop&#8221;][et_pb_column type=&#8221;4_4&#8243; _builder_version=&#8221;4.5.3&#8243; _module_preset=&#8221;default&#8221;][et_pb_text quote_border_weight=&#8221;2px&#8221; quote_border_color=&#8221;#e02b20&#8243; content_tablet=&#8221; Evolution &#8221; content_phone=&#8221; Evolution &#8221; content_last_edited=&#8221;on|phone&#8221; _builder_version=&#8221;4.5.3&#8243; _module_preset=&#8221;default&#8221; text_font=&#8221;Georgia||||||||&#8221; text_text_color=&#8221;#242424&#8243; text_font_size=&#8221;40px&#8221; text_line_height=&#8221;1.8em&#8221; quote_font=&#8221;Georgia|||||on|||&#8221; quote_text_color=&#8221;#d6d6d6&#8243; quote_font_size=&#8221;38px&#8221; header_font=&#8221;Georgia|||||on|||&#8221; header_text_align=&#8221;center&#8221; header_text_color=&#8221;#e02b20&#8243; header_font_size=&#8221;24px&#8221; background_layout=&#8221;dark&#8221; width=&#8221;80%&#8221; width_tablet=&#8221;80%&#8221; width_phone=&#8221;100%&#8221; width_last_edited=&#8221;on|phone&#8221; max_width=&#8221;100%&#8221; module_alignment=&#8221;center&#8221; custom_margin_tablet=&#8221;&#8221; [&hellip;]<\/p>","protected":false},"author":1,"featured_media":0,"parent":0,"menu_order":0,"comment_status":"closed","ping_status":"closed","template":"","meta":{"_et_pb_use_builder":"on","_et_pb_old_content":"","_et_gb_content_width":"","footnotes":""},"class_list":["post-6215","page","type-page","status-publish","hentry"],"_links":{"self":[{"href":"https:\/\/www.michael-behrens.com\/de\/wp-json\/wp\/v2\/pages\/6215","targetHints":{"allow":["GET"]}}],"collection":[{"href":"https:\/\/www.michael-behrens.com\/de\/wp-json\/wp\/v2\/pages"}],"about":[{"href":"https:\/\/www.michael-behrens.com\/de\/wp-json\/wp\/v2\/types\/page"}],"author":[{"embeddable":true,"href":"https:\/\/www.michael-behrens.com\/de\/wp-json\/wp\/v2\/users\/1"}],"replies":[{"embeddable":true,"href":"https:\/\/www.michael-behrens.com\/de\/wp-json\/wp\/v2\/comments?post=6215"}],"version-history":[{"count":8,"href":"https:\/\/www.michael-behrens.com\/de\/wp-json\/wp\/v2\/pages\/6215\/revisions"}],"predecessor-version":[{"id":6293,"href":"https:\/\/www.michael-behrens.com\/de\/wp-json\/wp\/v2\/pages\/6215\/revisions\/6293"}],"wp:attachment":[{"href":"https:\/\/www.michael-behrens.com\/de\/wp-json\/wp\/v2\/media?parent=6215"}],"curies":[{"name":"wp","href":"https:\/\/api.w.org\/{rel}","templated":true}]}}